{"id":52,"date":"2025-02-11T10:15:28","date_gmt":"2025-02-11T10:15:28","guid":{"rendered":"https:\/\/www.biohof-auen.ch\/?page_id=52"},"modified":"2025-10-24T13:26:05","modified_gmt":"2025-10-24T13:26:05","slug":"unsere-produkte","status":"publish","type":"page","link":"https:\/\/www.biohof-auen.ch\/index.php\/unsere-produkte\/","title":{"rendered":"Unsere Produkte"},"content":{"rendered":"\n<div class=\"wp-block-columns is-layout-flex wp-container-core-columns-is-layout-9d6595d7 wp-block-columns-is-layout-flex\">\n<div class=\"wp-block-column is-layout-flow wp-block-column-is-layout-flow\"><div class=\"wp-block-image\">\n<figure class=\"aligncenter size-large is-resized\"><img loading=\"lazy\" decoding=\"async\" width=\"1024\" height=\"1024\" src=\"https:\/\/www.biohof-auen.ch\/wp-content\/uploads\/2025\/02\/Label_KaZi-1024x1024.png\" alt=\"\" class=\"wp-image-153\" style=\"width:248px;height:auto\" srcset=\"https:\/\/www.biohof-auen.ch\/wp-content\/uploads\/2025\/02\/Label_KaZi-1024x1024.png 1024w, https:\/\/www.biohof-auen.ch\/wp-content\/uploads\/2025\/02\/Label_KaZi-300x300.png 300w, https:\/\/www.biohof-auen.ch\/wp-content\/uploads\/2025\/02\/Label_KaZi-150x150.png 150w, https:\/\/www.biohof-auen.ch\/wp-content\/uploads\/2025\/02\/Label_KaZi-768x768.png 768w, https:\/\/www.biohof-auen.ch\/wp-content\/uploads\/2025\/02\/Label_KaZi-1536x1536.png 1536w, https:\/\/www.biohof-auen.ch\/wp-content\/uploads\/2025\/02\/Label_KaZi.png 1772w\" sizes=\"auto, (max-width: 1024px) 100vw, 1024px\" \/><\/figure>\n<\/div><\/div>\n\n\n\n<div class=\"wp-block-column is-layout-flow wp-block-column-is-layout-flow\"><div class=\"wp-block-image\">\n<figure class=\"aligncenter size-large is-resized\"><img loading=\"lazy\" decoding=\"async\" width=\"1024\" height=\"1024\" src=\"https:\/\/www.biohof-auen.ch\/wp-content\/uploads\/2025\/02\/Label_SHR-1024x1024.png\" alt=\"\" class=\"wp-image-154\" style=\"width:260px;height:auto\" srcset=\"https:\/\/www.biohof-auen.ch\/wp-content\/uploads\/2025\/02\/Label_SHR-1024x1024.png 1024w, https:\/\/www.biohof-auen.ch\/wp-content\/uploads\/2025\/02\/Label_SHR-300x300.png 300w, https:\/\/www.biohof-auen.ch\/wp-content\/uploads\/2025\/02\/Label_SHR-150x150.png 150w, https:\/\/www.biohof-auen.ch\/wp-content\/uploads\/2025\/02\/Label_SHR-768x768.png 768w, https:\/\/www.biohof-auen.ch\/wp-content\/uploads\/2025\/02\/Label_SHR-1536x1536.png 1536w, https:\/\/www.biohof-auen.ch\/wp-content\/uploads\/2025\/02\/Label_SHR.png 1772w\" sizes=\"auto, (max-width: 1024px) 100vw, 1024px\" \/><\/figure>\n<\/div><\/div>\n<\/div>\n\n\n\n<p>Auf unserem Hof entstehen hochwertige Produkte von der Kaschmirziege wie auch vom Schottischen Hochlandrind, welche mit viel Herzblut und Sorgfalt hergestellt werden. Wir legen Wert darauf, im Einklang mit der Natur zu leben und auf allen Ebenen sorgf\u00e4ltig mit unserer Umwelt umzugehen.<\/p>\n\n\n\n<div class=\"wp-block-columns is-layout-flex wp-container-core-columns-is-layout-9d6595d7 wp-block-columns-is-layout-flex\">\n<div class=\"wp-block-column is-layout-flow wp-block-column-is-layout-flow\" style=\"flex-basis:100%\"><\/div>\n<\/div>\n\n\n\n<div class=\"wp-block-cover alignfull is-light\" style=\"min-height:50px;aspect-ratio:unset;\"><span aria-hidden=\"true\" class=\"wp-block-cover__background has-background-dim-100 has-background-dim\" style=\"background-color:#ffffff\"><\/span><div class=\"wp-block-cover__inner-container is-layout-flow wp-block-cover-is-layout-flow\">\n<div class=\"wp-block-columns alignwide are-vertically-aligned-center is-layout-flex wp-container-core-columns-is-layout-9d6595d7 wp-block-columns-is-layout-flex\">\n<div class=\"wp-block-column is-layout-flow wp-block-column-is-layout-flow\" style=\"flex-basis:56%\">\n<figure class=\"wp-block-image size-large\"><img loading=\"lazy\" decoding=\"async\" width=\"1024\" height=\"683\" src=\"http:\/\/www.biohof-auen.ch\/wp-content\/uploads\/2025\/10\/860-042-1024x683.jpg\" alt=\"\" class=\"wp-image-474\" srcset=\"https:\/\/www.biohof-auen.ch\/wp-content\/uploads\/2025\/10\/860-042-1024x683.jpg 1024w, https:\/\/www.biohof-auen.ch\/wp-content\/uploads\/2025\/10\/860-042-300x200.jpg 300w, https:\/\/www.biohof-auen.ch\/wp-content\/uploads\/2025\/10\/860-042-768x512.jpg 768w, https:\/\/www.biohof-auen.ch\/wp-content\/uploads\/2025\/10\/860-042-1536x1024.jpg 1536w, https:\/\/www.biohof-auen.ch\/wp-content\/uploads\/2025\/10\/860-042-2048x1365.jpg 2048w\" sizes=\"auto, (max-width: 1024px) 100vw, 1024px\" \/><\/figure>\n<\/div>\n\n\n\n<div class=\"wp-block-column is-layout-flow wp-block-column-is-layout-flow\" style=\"flex-basis:44%\">\n<h2 class=\"wp-block-heading has-text-color\" style=\"color:#000000;font-size:32px\"><strong>Feinste Kaschmirwolle<\/strong><\/h2>\n\n\n\n<p class=\"has-text-color\" style=\"color:#000000;font-size:17px\">Mit viel Liebe und Zeit b\u00fcrsten wir die Wolle unserer Ziegen aus. Daraus entsteht feinste Kaschmirwolle, welche sich zu weichen Lieblingsst\u00fccken verarbeiten l\u00e4sst. Die Wolle kommt in den nat\u00fcrlichen Farben weiss oder grau.<\/p>\n\n\n\n<div class=\"wp-block-buttons is-layout-flex wp-block-buttons-is-layout-flex\">\n<div class=\"wp-block-button is-style-fill\"><a class=\"wp-block-button__link wp-element-button\" href=\"https:\/\/www.biohof-auen.ch\/index.php\/2025\/05\/14\/kaschmirwolle\/\">mehr erfahren<\/a><\/div>\n<\/div>\n<\/div>\n<\/div>\n\n\n\n<div class=\"wp-block-columns are-vertically-aligned-center is-layout-flex wp-container-core-columns-is-layout-9d6595d7 wp-block-columns-is-layout-flex\">\n<div class=\"wp-block-column is-vertically-aligned-center is-layout-flow wp-block-column-is-layout-flow\" style=\"flex-basis:100%\">\n<hr class=\"wp-block-separator has-alpha-channel-opacity is-style-wide\"\/>\n<\/div>\n<\/div>\n<\/div><\/div>\n\n\n\n<div class=\"wp-block-media-text alignwide has-media-on-the-right is-stacked-on-mobile is-vertically-aligned-center is-image-fill-element\" style=\"grid-template-columns:auto 35%\"><div class=\"wp-block-media-text__content\">\n<h2 class=\"wp-block-heading has-text-color\" style=\"color:#000000;font-size:32px\"><strong>Fleisch von der Kaschmirziege<\/strong><\/h2>\n\n\n\n<p class=\"has-text-color\" style=\"color:#000000;font-size:17px\">Ziegenfleisch ist sehr fettarm und gesund. Das Fleisch wird bei uns in der Region zu feinen St\u00fccken verarbeitet. Fragen Sie nach unserem aktuellen Angebot.<\/p>\n\n\n\n<p><\/p>\n\n\n\n<p><\/p>\n<\/div><figure class=\"wp-block-media-text__media\"><img loading=\"lazy\" decoding=\"async\" width=\"1024\" height=\"683\" src=\"http:\/\/www.biohof-auen.ch\/wp-content\/uploads\/2025\/02\/797-068-1024x683.jpg\" alt=\"\" class=\"wp-image-211 size-full\" style=\"object-position:50% 50%\" srcset=\"https:\/\/www.biohof-auen.ch\/wp-content\/uploads\/2025\/02\/797-068-1024x683.jpg 1024w, https:\/\/www.biohof-auen.ch\/wp-content\/uploads\/2025\/02\/797-068-300x200.jpg 300w, https:\/\/www.biohof-auen.ch\/wp-content\/uploads\/2025\/02\/797-068-768x512.jpg 768w, https:\/\/www.biohof-auen.ch\/wp-content\/uploads\/2025\/02\/797-068.jpg 1417w\" sizes=\"auto, (max-width: 1024px) 100vw, 1024px\" \/><\/figure><\/div>\n\n\n\n<div class=\"wp-block-columns are-vertically-aligned-center is-layout-flex wp-container-core-columns-is-layout-9d6595d7 wp-block-columns-is-layout-flex\">\n<div class=\"wp-block-column is-vertically-aligned-center is-layout-flow wp-block-column-is-layout-flow\" style=\"flex-basis:100%\">\n<hr class=\"wp-block-separator has-alpha-channel-opacity is-style-wide\"\/>\n<\/div>\n<\/div>\n\n\n\n<div class=\"wp-block-media-text alignwide is-stacked-on-mobile is-vertically-aligned-center is-image-fill-element\" style=\"grid-template-columns:35% auto\"><figure class=\"wp-block-media-text__media\"><img loading=\"lazy\" decoding=\"async\" width=\"842\" height=\"1024\" src=\"http:\/\/www.biohof-auen.ch\/wp-content\/uploads\/2025\/06\/WhatsApp-Image-2025-06-20-at-06.09.18-842x1024.jpeg\" alt=\"\" class=\"wp-image-393 size-full\" style=\"object-position:50% 50%\" srcset=\"https:\/\/www.biohof-auen.ch\/wp-content\/uploads\/2025\/06\/WhatsApp-Image-2025-06-20-at-06.09.18-842x1024.jpeg 842w, https:\/\/www.biohof-auen.ch\/wp-content\/uploads\/2025\/06\/WhatsApp-Image-2025-06-20-at-06.09.18-247x300.jpeg 247w, https:\/\/www.biohof-auen.ch\/wp-content\/uploads\/2025\/06\/WhatsApp-Image-2025-06-20-at-06.09.18-768x934.jpeg 768w, https:\/\/www.biohof-auen.ch\/wp-content\/uploads\/2025\/06\/WhatsApp-Image-2025-06-20-at-06.09.18-1263x1536.jpeg 1263w, https:\/\/www.biohof-auen.ch\/wp-content\/uploads\/2025\/06\/WhatsApp-Image-2025-06-20-at-06.09.18.jpeg 1316w\" sizes=\"auto, (max-width: 842px) 100vw, 842px\" \/><\/figure><div class=\"wp-block-media-text__content\">\n<h2 class=\"wp-block-heading has-text-color\" style=\"color:#000000;font-size:32px\"><strong>Milch von der Kaschmirziege<\/strong><\/h2>\n\n\n\n<p class=\"has-text-color\" style=\"color:#000000;font-size:17px\">Was die Zicklein nicht f\u00fcr den Wachstum brauchen, melken wir. Die reichhaltige Milch lassen wir zu luxuri\u00f6sen Pflegeprodukten verarbeiten. Diese finden Sie unter <a href=\"http:\/\/www.somea.ch\">www.somea.ch<\/a>.<br>Unser Traum ist es, die gesunde Milch k\u00fcnftig zu K\u00e4se und anderen feinen Milchprodukten zu verarbeiten.<\/p>\n\n\n\n<p><\/p>\n<\/div><\/div>\n\n\n\n<p><\/p>\n\n\n\n<hr class=\"wp-block-separator has-alpha-channel-opacity is-style-wide\"\/>\n\n\n\n<p><\/p>\n\n\n\n<div class=\"wp-block-media-text alignwide has-media-on-the-right is-stacked-on-mobile is-vertically-aligned-center is-image-fill-element\" style=\"grid-template-columns:auto 38%\"><div class=\"wp-block-media-text__content\">\n<h2 class=\"wp-block-heading has-text-color\" style=\"color:#000000;font-size:32px\"><strong>Felle von der Kaschmirziege<\/strong><\/h2>\n\n\n\n<p class=\"has-text-color\" style=\"color:#000000;font-size:17px\">Es ist uns wichtig, das gesamte Tier zu verarbeiten. So entstehen auch Kaschmirfelle. Diese sind genauso edel und fein wie die Wolle. Die Felle gibt es in verschiedenen Gr\u00f6ssen und Farben. Gerne beraten wir Sie. <\/p>\n\n\n\n<div class=\"wp-block-buttons is-layout-flex wp-block-buttons-is-layout-flex\">\n<div class=\"wp-block-button\"><a class=\"wp-block-button__link wp-element-button\" href=\"https:\/\/www.biohof-auen.ch\/index.php\/2025\/10\/24\/kaschmirfelle\/\">mehr erfahren\u2026<\/a><\/div>\n<\/div>\n<\/div><figure class=\"wp-block-media-text__media\"><img loading=\"lazy\" decoding=\"async\" width=\"1024\" height=\"683\" src=\"http:\/\/www.biohof-auen.ch\/wp-content\/uploads\/2025\/10\/860-025-1024x683.jpg\" alt=\"\" class=\"wp-image-472 size-full\" style=\"object-position:50% 50%\" srcset=\"https:\/\/www.biohof-auen.ch\/wp-content\/uploads\/2025\/10\/860-025-1024x683.jpg 1024w, https:\/\/www.biohof-auen.ch\/wp-content\/uploads\/2025\/10\/860-025-300x200.jpg 300w, https:\/\/www.biohof-auen.ch\/wp-content\/uploads\/2025\/10\/860-025-768x512.jpg 768w, https:\/\/www.biohof-auen.ch\/wp-content\/uploads\/2025\/10\/860-025-1536x1024.jpg 1536w, https:\/\/www.biohof-auen.ch\/wp-content\/uploads\/2025\/10\/860-025-2048x1365.jpg 2048w\" sizes=\"auto, (max-width: 1024px) 100vw, 1024px\" \/><\/figure><\/div>\n\n\n\n<p><\/p>\n\n\n\n<hr class=\"wp-block-separator has-alpha-channel-opacity is-style-wide\"\/>\n\n\n\n<p><\/p>\n\n\n\n<div class=\"wp-block-media-text alignwide is-stacked-on-mobile is-vertically-aligned-center is-image-fill-element\" style=\"grid-template-columns:35% auto\"><figure class=\"wp-block-media-text__media\"><img loading=\"lazy\" decoding=\"async\" width=\"1024\" height=\"680\" src=\"http:\/\/www.biohof-auen.ch\/wp-content\/uploads\/2025\/06\/WhatsApp-Image-2025-06-20-at-06.09.1910-1024x680.jpeg\" alt=\"\" class=\"wp-image-431 size-full\" style=\"object-position:50% 50%\" srcset=\"https:\/\/www.biohof-auen.ch\/wp-content\/uploads\/2025\/06\/WhatsApp-Image-2025-06-20-at-06.09.1910-1024x680.jpeg 1024w, https:\/\/www.biohof-auen.ch\/wp-content\/uploads\/2025\/06\/WhatsApp-Image-2025-06-20-at-06.09.1910-300x199.jpeg 300w, https:\/\/www.biohof-auen.ch\/wp-content\/uploads\/2025\/06\/WhatsApp-Image-2025-06-20-at-06.09.1910-768x510.jpeg 768w, https:\/\/www.biohof-auen.ch\/wp-content\/uploads\/2025\/06\/WhatsApp-Image-2025-06-20-at-06.09.1910-1536x1020.jpeg 1536w, https:\/\/www.biohof-auen.ch\/wp-content\/uploads\/2025\/06\/WhatsApp-Image-2025-06-20-at-06.09.1910.jpeg 1600w\" sizes=\"auto, (max-width: 1024px) 100vw, 1024px\" \/><\/figure><div class=\"wp-block-media-text__content\">\n<h2 class=\"wp-block-heading has-text-color\" style=\"color:#000000;font-size:32px\"><strong>Fleisch vom schottischen Hochlandrind<\/strong><\/h2>\n\n\n\n<p class=\"has-text-color\" style=\"color:#000000;font-size:17px\">Das magere Fleisch schmeckt saftig und w\u00fcrzig. Gerne geben wir \u00fcber unser aktuelles Angebot Auskunft. <\/p>\n\n\n\n<p><\/p>\n<\/div><\/div>\n\n\n\n<div class=\"wp-block-columns alignwide are-vertically-aligned-center is-layout-flex wp-container-core-columns-is-layout-9d6595d7 wp-block-columns-is-layout-flex\">\n<div class=\"wp-block-column is-layout-flow wp-block-column-is-layout-flow\" style=\"flex-basis:58%\">\n<p><\/p>\n\n\n\n<p><\/p>\n<\/div>\n\n\n\n<div class=\"wp-block-column is-layout-flow wp-block-column-is-layout-flow\" style=\"flex-basis:42%\"><\/div>\n<\/div>\n","protected":false},"excerpt":{"rendered":"<p>Auf unserem Hof entstehen hochwertige Produkte von der Kaschmirziege wie auch vom Schottischen Hochlandrind, welche mit viel Herzblut und Sorgfalt hergestellt werden. [&hellip;]<\/p>\n","protected":false},"author":2,"featured_media":0,"parent":0,"menu_order":0,"comment_status":"closed","ping_status":"closed","template":"","meta":{"footnotes":""},"class_list":["post-52","page","type-page","status-publish","hentry"],"_links":{"self":[{"href":"https:\/\/www.biohof-auen.ch\/index.php\/wp-json\/wp\/v2\/pages\/52","targetHints":{"allow":["GET"]}}],"collection":[{"href":"https:\/\/www.biohof-auen.ch\/index.php\/wp-json\/wp\/v2\/pages"}],"about":[{"href":"https:\/\/www.biohof-auen.ch\/index.php\/wp-json\/wp\/v2\/types\/page"}],"author":[{"embeddable":true,"href":"https:\/\/www.biohof-auen.ch\/index.php\/wp-json\/wp\/v2\/users\/2"}],"replies":[{"embeddable":true,"href":"https:\/\/www.biohof-auen.ch\/index.php\/wp-json\/wp\/v2\/comments?post=52"}],"version-history":[{"count":41,"href":"https:\/\/www.biohof-auen.ch\/index.php\/wp-json\/wp\/v2\/pages\/52\/revisions"}],"predecessor-version":[{"id":481,"href":"https:\/\/www.biohof-auen.ch\/index.php\/wp-json\/wp\/v2\/pages\/52\/revisions\/481"}],"wp:attachment":[{"href":"https:\/\/www.biohof-auen.ch\/index.php\/wp-json\/wp\/v2\/media?parent=52"}],"curies":[{"name":"wp","href":"https:\/\/api.w.org\/{rel}","templated":true}]}}