{"id":35,"date":"2025-01-19T10:31:11","date_gmt":"2025-01-19T10:31:11","guid":{"rendered":"http:\/\/www.biohof-auen.ch\/?page_id=35"},"modified":"2025-06-20T08:12:58","modified_gmt":"2025-06-20T08:12:58","slug":"unser-hof","status":"publish","type":"page","link":"https:\/\/www.biohof-auen.ch\/index.php\/unser-hof\/","title":{"rendered":"Biohof Auen"},"content":{"rendered":"<div class=\"wp-block-image\">\n<figure class=\"aligncenter size-large\"><img loading=\"lazy\" decoding=\"async\" width=\"1024\" height=\"428\" src=\"https:\/\/www.biohof-auen.ch\/wp-content\/uploads\/2025\/02\/Auenhof2_grau-1024x428.jpg\" alt=\"\" class=\"wp-image-145\" srcset=\"https:\/\/www.biohof-auen.ch\/wp-content\/uploads\/2025\/02\/Auenhof2_grau-1024x428.jpg 1024w, https:\/\/www.biohof-auen.ch\/wp-content\/uploads\/2025\/02\/Auenhof2_grau-300x125.jpg 300w, https:\/\/www.biohof-auen.ch\/wp-content\/uploads\/2025\/02\/Auenhof2_grau-768x321.jpg 768w, https:\/\/www.biohof-auen.ch\/wp-content\/uploads\/2025\/02\/Auenhof2_grau-1536x642.jpg 1536w, https:\/\/www.biohof-auen.ch\/wp-content\/uploads\/2025\/02\/Auenhof2_grau-2048x856.jpg 2048w\" sizes=\"auto, (max-width: 1024px) 100vw, 1024px\" \/><\/figure>\n<\/div>\n\n\n<h2 class=\"wp-block-heading\">Unser Hof<\/h2>\n\n\n\n<p>Umgeben von einer herrlichen Natur in den Glarner Bergen versuchen wir, in einem respektvollen Umgang mit der Natur zu leben.  <br>J\u00fcrg ist hier aufgewachsen, ist hier verwurzelt und kennt jeden Winkel des Tals. Die Leidenschaft f\u00fcr die Natur, die Berge und unsere Tiere d\u00fcrfen wir unseren Kindern weiter geben.<\/p>\n\n\n<div class=\"wp-block-image\">\n<figure class=\"aligncenter size-large\"><img loading=\"lazy\" decoding=\"async\" width=\"1024\" height=\"683\" src=\"http:\/\/www.biohof-auen.ch\/wp-content\/uploads\/2025\/02\/797-089-1024x683.jpg\" alt=\"\" class=\"wp-image-218\" srcset=\"https:\/\/www.biohof-auen.ch\/wp-content\/uploads\/2025\/02\/797-089-1024x683.jpg 1024w, https:\/\/www.biohof-auen.ch\/wp-content\/uploads\/2025\/02\/797-089-300x200.jpg 300w, https:\/\/www.biohof-auen.ch\/wp-content\/uploads\/2025\/02\/797-089-768x512.jpg 768w, https:\/\/www.biohof-auen.ch\/wp-content\/uploads\/2025\/02\/797-089.jpg 1417w\" sizes=\"auto, (max-width: 1024px) 100vw, 1024px\" \/><\/figure>\n<\/div>\n\n<ul class=\"wp-block-latest-posts__list wp-block-latest-posts\"><li><a class=\"wp-block-latest-posts__post-title\" href=\"https:\/\/www.biohof-auen.ch\/index.php\/2025\/05\/15\/neues-leben\/\">Neues Leben&#8230;<\/a><div class=\"wp-block-latest-posts__post-full-content\"><!-- wp:columns -->\n<div class=\"wp-block-columns\"><!-- wp:column -->\n<div class=\"wp-block-column\"><!-- wp:paragraph -->\n<p><\/p>\n<!-- \/wp:paragraph -->\n\n<!-- wp:paragraph {\"align\":\"left\"} -->\n<p class=\"has-text-align-left\">Zur Zeit haben wir wieder kleine Zicklein auf unserem Hof. Jedes Jahr d\u00fcrfen wir diesen Prozess begleiten und freuen uns \u00fcber das neue Leben. Teil davon zu sein ist immer wieder ein neues Abenteuer, stellt uns aber auch vor Herausforderungen. Wir begleiten die Zicklein auf ihrem Weg ins Leben und unterst\u00fctzen, wo es unsere Hilfe braucht.<\/p>\n<!-- \/wp:paragraph --><\/div>\n<!-- \/wp:column -->\n\n<!-- wp:column -->\n<div class=\"wp-block-column\"><!-- wp:image {\"id\":357,\"sizeSlug\":\"large\",\"linkDestination\":\"none\"} -->\n<figure class=\"wp-block-image size-large\"><img loading=\"lazy\" decoding=\"async\" width=\"1200\" height=\"1200\" src=\"https:\/\/www.biohof-auen.ch\/wp-content\/uploads\/2025\/05\/fdafdfgaf-edited.jpg\" alt=\"\" class=\"wp-image-357\" srcset=\"https:\/\/www.biohof-auen.ch\/wp-content\/uploads\/2025\/05\/fdafdfgaf-edited.jpg 1200w, https:\/\/www.biohof-auen.ch\/wp-content\/uploads\/2025\/05\/fdafdfgaf-edited-300x300.jpg 300w, https:\/\/www.biohof-auen.ch\/wp-content\/uploads\/2025\/05\/fdafdfgaf-edited-1024x1024.jpg 1024w, https:\/\/www.biohof-auen.ch\/wp-content\/uploads\/2025\/05\/fdafdfgaf-edited-150x150.jpg 150w, https:\/\/www.biohof-auen.ch\/wp-content\/uploads\/2025\/05\/fdafdfgaf-edited-768x768.jpg 768w\" sizes=\"auto, (max-width: 1200px) 100vw, 1200px\" \/><\/figure>\n<!-- \/wp:image --><\/div>\n<!-- \/wp:column --><\/div>\n<!-- \/wp:columns -->\n\n<!-- wp:image {\"id\":358,\"sizeSlug\":\"large\",\"linkDestination\":\"none\",\"align\":\"center\"} -->\n<figure class=\"wp-block-image aligncenter size-large\"><img loading=\"lazy\" decoding=\"async\" width=\"763\" height=\"1024\" src=\"https:\/\/www.biohof-auen.ch\/wp-content\/uploads\/2025\/05\/c0bbdaca-11e7-4b5e-8ef6-a1f067259822-763x1024.jpg\" alt=\"\" class=\"wp-image-358\" srcset=\"https:\/\/www.biohof-auen.ch\/wp-content\/uploads\/2025\/05\/c0bbdaca-11e7-4b5e-8ef6-a1f067259822-763x1024.jpg 763w, https:\/\/www.biohof-auen.ch\/wp-content\/uploads\/2025\/05\/c0bbdaca-11e7-4b5e-8ef6-a1f067259822-223x300.jpg 223w, https:\/\/www.biohof-auen.ch\/wp-content\/uploads\/2025\/05\/c0bbdaca-11e7-4b5e-8ef6-a1f067259822-768x1031.jpg 768w, https:\/\/www.biohof-auen.ch\/wp-content\/uploads\/2025\/05\/c0bbdaca-11e7-4b5e-8ef6-a1f067259822-1144x1536.jpg 1144w, https:\/\/www.biohof-auen.ch\/wp-content\/uploads\/2025\/05\/c0bbdaca-11e7-4b5e-8ef6-a1f067259822.jpg 1525w\" sizes=\"auto, (max-width: 763px) 100vw, 763px\" \/><\/figure>\n<!-- \/wp:image --><\/div><\/li>\n<\/ul>\n\n\n<div class=\"wp-block-query is-layout-flow wp-block-query-is-layout-flow\"><ul class=\"wp-block-post-template is-layout-flow wp-block-post-template-is-layout-flow\"><li class=\"wp-block-post post-466 post type-post status-publish format-standard hentry category-kaschmirfelle category-unsere-produkte category-verkauf\">\n\n<div class=\"wp-block-columns are-vertically-aligned-center is-layout-flex wp-container-core-columns-is-layout-9d6595d7 wp-block-columns-is-layout-flex\">\n<div class=\"wp-block-column is-vertically-aligned-center is-layout-flow wp-block-column-is-layout-flow\" style=\"flex-basis:25%\"><\/div>\n\n\n\n<div class=\"wp-block-column is-vertically-aligned-center is-layout-flow wp-block-column-is-layout-flow\" style=\"flex-basis:75%\"><\/div>\n<\/div>\n\n<\/li><li class=\"wp-block-post post-352 post type-post status-publish format-standard hentry category-aktuell category-biohof-auen\">\n\n<div class=\"wp-block-columns are-vertically-aligned-center is-layout-flex wp-container-core-columns-is-layout-9d6595d7 wp-block-columns-is-layout-flex\">\n<div class=\"wp-block-column is-vertically-aligned-center is-layout-flow wp-block-column-is-layout-flow\" style=\"flex-basis:25%\"><\/div>\n\n\n\n<div class=\"wp-block-column is-vertically-aligned-center is-layout-flow wp-block-column-is-layout-flow\" style=\"flex-basis:75%\"><\/div>\n<\/div>\n\n<\/li><li class=\"wp-block-post post-120 post type-post status-publish format-standard hentry category-kaschmirwolle category-unsere-produkte\">\n\n<div class=\"wp-block-columns are-vertically-aligned-center is-layout-flex wp-container-core-columns-is-layout-9d6595d7 wp-block-columns-is-layout-flex\">\n<div class=\"wp-block-column is-vertically-aligned-center is-layout-flow wp-block-column-is-layout-flow\" style=\"flex-basis:25%\"><\/div>\n\n\n\n<div class=\"wp-block-column is-vertically-aligned-center is-layout-flow wp-block-column-is-layout-flow\" style=\"flex-basis:75%\"><\/div>\n<\/div>\n\n<\/li><\/ul><\/div>\n\n\n\n<p><\/p>\n","protected":false},"excerpt":{"rendered":"<p>Unser Hof Umgeben von einer herrlichen Natur in den Glarner Bergen versuchen wir, in einem respektvollen Umgang mit der Natur zu leben. [&hellip;]<\/p>\n","protected":false},"author":2,"featured_media":0,"parent":0,"menu_order":0,"comment_status":"closed","ping_status":"closed","template":"","meta":{"footnotes":""},"class_list":["post-35","page","type-page","status-publish","hentry"],"_links":{"self":[{"href":"https:\/\/www.biohof-auen.ch\/index.php\/wp-json\/wp\/v2\/pages\/35","targetHints":{"allow":["GET"]}}],"collection":[{"href":"https:\/\/www.biohof-auen.ch\/index.php\/wp-json\/wp\/v2\/pages"}],"about":[{"href":"https:\/\/www.biohof-auen.ch\/index.php\/wp-json\/wp\/v2\/types\/page"}],"author":[{"embeddable":true,"href":"https:\/\/www.biohof-auen.ch\/index.php\/wp-json\/wp\/v2\/users\/2"}],"replies":[{"embeddable":true,"href":"https:\/\/www.biohof-auen.ch\/index.php\/wp-json\/wp\/v2\/comments?post=35"}],"version-history":[{"count":15,"href":"https:\/\/www.biohof-auen.ch\/index.php\/wp-json\/wp\/v2\/pages\/35\/revisions"}],"predecessor-version":[{"id":389,"href":"https:\/\/www.biohof-auen.ch\/index.php\/wp-json\/wp\/v2\/pages\/35\/revisions\/389"}],"wp:attachment":[{"href":"https:\/\/www.biohof-auen.ch\/index.php\/wp-json\/wp\/v2\/media?parent=35"}],"curies":[{"name":"wp","href":"https:\/\/api.w.org\/{rel}","templated":true}]}}