{"id":281,"date":"2025-05-14T08:43:08","date_gmt":"2025-05-14T08:43:08","guid":{"rendered":"https:\/\/www.biohof-auen.ch\/?page_id=281"},"modified":"2025-06-20T08:40:30","modified_gmt":"2025-06-20T08:40:30","slug":"kaschmirziegen","status":"publish","type":"page","link":"https:\/\/www.biohof-auen.ch\/index.php\/unsere-tiere\/kaschmirziegen\/","title":{"rendered":"Kaschmirziegen"},"content":{"rendered":"\n<figure class=\"wp-block-image alignfull size-large\"><img loading=\"lazy\" decoding=\"async\" width=\"1024\" height=\"683\" src=\"http:\/\/www.biohof-auen.ch\/wp-content\/uploads\/2025\/02\/797-052-1024x683.jpg\" alt=\"\" class=\"wp-image-206\" srcset=\"https:\/\/www.biohof-auen.ch\/wp-content\/uploads\/2025\/02\/797-052-1024x683.jpg 1024w, https:\/\/www.biohof-auen.ch\/wp-content\/uploads\/2025\/02\/797-052-300x200.jpg 300w, https:\/\/www.biohof-auen.ch\/wp-content\/uploads\/2025\/02\/797-052-768x512.jpg 768w, https:\/\/www.biohof-auen.ch\/wp-content\/uploads\/2025\/02\/797-052.jpg 1417w\" sizes=\"auto, (max-width: 1024px) 100vw, 1024px\" \/><\/figure>\n\n\n\n<p>Die Ziegen stammen urspr\u00fcnglich aus dem zentralasiatischen Hochland und sind heute vor allem wegen ihrer wertvollen Unterwolle sehr beliebt. <br>Die gr\u00f6sste Kaschmirindustrie befindet sich in China. Diese ist unter anderem bez\u00fcglich der Tierhaltung und Wollverarbeitung sehr umstritten. In Europa gibt es nur kleine Herden der Tiere. Die Tiergerechte Zucht und die faire Verarbeitung der Edelwolle gewinnt jedoch an Bedeutung. Wir sind Mitglied der <em>alpine cashmere Association<\/em>. Der Verein hat es sich um Ziel gesetzt, in der Schweiz eine tiergerechte Kaschmirhaltung mit erstklassiger Wollqualit\u00e4t aufzubauen und zu f\u00f6rdern. <br>Kaschmirziegen k\u00f6nnen schwarz, weiss, grau und von hell- bis dunkelbraun sein und tragen H\u00f6rner, welche vor allem bei den B\u00f6cken sehr markant sind. Es sind sehr sensible und intelligente Herdentiere. Ihr Mutterinstinkt ist oft \u00fcber Jahre sehr ausgepr\u00e4gt. <\/p>\n\n\n\n<p>Neben der edlen Wolle, erzeugen wir Fleisch sowie Kaschmirfelle. Was die Zicklein nicht f\u00fcr den Wachstum brauchen, melken wir und lassen die wertvolle Milk zu Luxusseifen verarbeiten (somea.ch). Unser Traum ist es, die gesunde und reichhaltige Milch k\u00fcnftig zu K\u00e4se oder anderen Lebensmitteln zu verarbeiten. <br><\/p>\n","protected":false},"excerpt":{"rendered":"<p>Die Ziegen stammen urspr\u00fcnglich aus dem zentralasiatischen Hochland und sind heute vor allem wegen ihrer wertvollen Unterwolle sehr beliebt. Die gr\u00f6sste Kaschmirindustrie [&hellip;]<\/p>\n","protected":false},"author":2,"featured_media":0,"parent":50,"menu_order":0,"comment_status":"closed","ping_status":"closed","template":"","meta":{"footnotes":""},"class_list":["post-281","page","type-page","status-publish","hentry"],"_links":{"self":[{"href":"https:\/\/www.biohof-auen.ch\/index.php\/wp-json\/wp\/v2\/pages\/281","targetHints":{"allow":["GET"]}}],"collection":[{"href":"https:\/\/www.biohof-auen.ch\/index.php\/wp-json\/wp\/v2\/pages"}],"about":[{"href":"https:\/\/www.biohof-auen.ch\/index.php\/wp-json\/wp\/v2\/types\/page"}],"author":[{"embeddable":true,"href":"https:\/\/www.biohof-auen.ch\/index.php\/wp-json\/wp\/v2\/users\/2"}],"replies":[{"embeddable":true,"href":"https:\/\/www.biohof-auen.ch\/index.php\/wp-json\/wp\/v2\/comments?post=281"}],"version-history":[{"count":5,"href":"https:\/\/www.biohof-auen.ch\/index.php\/wp-json\/wp\/v2\/pages\/281\/revisions"}],"predecessor-version":[{"id":412,"href":"https:\/\/www.biohof-auen.ch\/index.php\/wp-json\/wp\/v2\/pages\/281\/revisions\/412"}],"up":[{"embeddable":true,"href":"https:\/\/www.biohof-auen.ch\/index.php\/wp-json\/wp\/v2\/pages\/50"}],"wp:attachment":[{"href":"https:\/\/www.biohof-auen.ch\/index.php\/wp-json\/wp\/v2\/media?parent=281"}],"curies":[{"name":"wp","href":"https:\/\/api.w.org\/{rel}","templated":true}]}}