{"id":279,"date":"2025-05-14T08:50:59","date_gmt":"2025-05-14T08:50:59","guid":{"rendered":"https:\/\/www.biohof-auen.ch\/?page_id=279"},"modified":"2025-06-20T08:25:14","modified_gmt":"2025-06-20T08:25:14","slug":"wer-sind-wir","status":"publish","type":"page","link":"https:\/\/www.biohof-auen.ch\/index.php\/unser-hof\/wer-sind-wir\/","title":{"rendered":"Wer sind wir?"},"content":{"rendered":"\n<p>Wir sind beide in Bauernfamilien gross geworden und haben <span style=\"font-size: revert;\">2015 den Bauernbetrieb von J\u00fcrgs Eltern \u00fcbernommen. Zur Zeit bewirtschaften wird den Betrieb im Nebenerwerb. Zusammen mit der ausw\u00e4rtigen Arbeit als Maurer Polier und Drogistin ergibt sich f\u00fcr uns ein spannender <\/span>und abwechslungsreicher Alltag. <\/p>\n\n\n\n<figure class=\"wp-block-image alignfull size-large\"><img loading=\"lazy\" decoding=\"async\" width=\"1024\" height=\"768\" src=\"http:\/\/www.biohof-auen.ch\/wp-content\/uploads\/2025\/06\/WhatsApp-Image-2025-06-20-at-06.09.185-1024x768.jpeg\" alt=\"\" class=\"wp-image-397\" srcset=\"https:\/\/www.biohof-auen.ch\/wp-content\/uploads\/2025\/06\/WhatsApp-Image-2025-06-20-at-06.09.185-1024x768.jpeg 1024w, https:\/\/www.biohof-auen.ch\/wp-content\/uploads\/2025\/06\/WhatsApp-Image-2025-06-20-at-06.09.185-300x225.jpeg 300w, https:\/\/www.biohof-auen.ch\/wp-content\/uploads\/2025\/06\/WhatsApp-Image-2025-06-20-at-06.09.185-768x576.jpeg 768w, https:\/\/www.biohof-auen.ch\/wp-content\/uploads\/2025\/06\/WhatsApp-Image-2025-06-20-at-06.09.185-1536x1152.jpeg 1536w, https:\/\/www.biohof-auen.ch\/wp-content\/uploads\/2025\/06\/WhatsApp-Image-2025-06-20-at-06.09.185.jpeg 1600w\" sizes=\"auto, (max-width: 1024px) 100vw, 1024px\" \/><\/figure>\n\n\n\n<p><\/p>\n","protected":false},"excerpt":{"rendered":"<p>Wir sind beide in Bauernfamilien gross geworden und haben 2015 den Bauernbetrieb von J\u00fcrgs Eltern \u00fcbernommen. Zur Zeit bewirtschaften wird den Betrieb [&hellip;]<\/p>\n","protected":false},"author":2,"featured_media":0,"parent":35,"menu_order":0,"comment_status":"closed","ping_status":"closed","template":"","meta":{"footnotes":""},"class_list":["post-279","page","type-page","status-publish","hentry"],"_links":{"self":[{"href":"https:\/\/www.biohof-auen.ch\/index.php\/wp-json\/wp\/v2\/pages\/279","targetHints":{"allow":["GET"]}}],"collection":[{"href":"https:\/\/www.biohof-auen.ch\/index.php\/wp-json\/wp\/v2\/pages"}],"about":[{"href":"https:\/\/www.biohof-auen.ch\/index.php\/wp-json\/wp\/v2\/types\/page"}],"author":[{"embeddable":true,"href":"https:\/\/www.biohof-auen.ch\/index.php\/wp-json\/wp\/v2\/users\/2"}],"replies":[{"embeddable":true,"href":"https:\/\/www.biohof-auen.ch\/index.php\/wp-json\/wp\/v2\/comments?post=279"}],"version-history":[{"count":5,"href":"https:\/\/www.biohof-auen.ch\/index.php\/wp-json\/wp\/v2\/pages\/279\/revisions"}],"predecessor-version":[{"id":408,"href":"https:\/\/www.biohof-auen.ch\/index.php\/wp-json\/wp\/v2\/pages\/279\/revisions\/408"}],"up":[{"embeddable":true,"href":"https:\/\/www.biohof-auen.ch\/index.php\/wp-json\/wp\/v2\/pages\/35"}],"wp:attachment":[{"href":"https:\/\/www.biohof-auen.ch\/index.php\/wp-json\/wp\/v2\/media?parent=279"}],"curies":[{"name":"wp","href":"https:\/\/api.w.org\/{rel}","templated":true}]}}