{"id":258,"date":"2025-05-14T08:32:14","date_gmt":"2025-05-14T08:32:14","guid":{"rendered":"https:\/\/www.biohof-auen.ch\/?page_id=258"},"modified":"2025-06-20T08:20:38","modified_gmt":"2025-06-20T08:20:38","slug":"wo-sind-wir-zu-hause","status":"publish","type":"page","link":"https:\/\/www.biohof-auen.ch\/index.php\/unser-hof\/wo-sind-wir-zu-hause\/","title":{"rendered":"Wo sind wir zu Hause?"},"content":{"rendered":"\n<p>Zuhinterst im malerischen Glarnerland, in Elm liegt auf \u00a01100 m \u00fc. M. unser kleiner Bergbetrieb. Wir betreiben eine extensive Landwirtschaft und halten Kaschmirziegen und Hochlandrinder. Das Klima ist rauh \u2013 ein F\u00f6hnkanal mit viel Niederschlag im Sommer, die Winter f\u00fcr diese H\u00f6henlage lang und schneereich. <\/p>\n\n\n\n<figure class=\"wp-block-image alignfull size-large\"><img loading=\"lazy\" decoding=\"async\" width=\"1024\" height=\"768\" src=\"http:\/\/www.biohof-auen.ch\/wp-content\/uploads\/2025\/06\/WhatsApp-Image-2025-06-20-at-06.09.1913-1024x768.jpeg\" alt=\"\" class=\"wp-image-404\" srcset=\"https:\/\/www.biohof-auen.ch\/wp-content\/uploads\/2025\/06\/WhatsApp-Image-2025-06-20-at-06.09.1913-1024x768.jpeg 1024w, https:\/\/www.biohof-auen.ch\/wp-content\/uploads\/2025\/06\/WhatsApp-Image-2025-06-20-at-06.09.1913-300x225.jpeg 300w, https:\/\/www.biohof-auen.ch\/wp-content\/uploads\/2025\/06\/WhatsApp-Image-2025-06-20-at-06.09.1913-768x576.jpeg 768w, https:\/\/www.biohof-auen.ch\/wp-content\/uploads\/2025\/06\/WhatsApp-Image-2025-06-20-at-06.09.1913-1536x1152.jpeg 1536w, https:\/\/www.biohof-auen.ch\/wp-content\/uploads\/2025\/06\/WhatsApp-Image-2025-06-20-at-06.09.1913.jpeg 1600w\" sizes=\"auto, (max-width: 1024px) 100vw, 1024px\" \/><\/figure>\n","protected":false},"excerpt":{"rendered":"<p>Zuhinterst im malerischen Glarnerland, in Elm liegt auf \u00a01100 m \u00fc. M. unser kleiner Bergbetrieb. Wir betreiben eine extensive Landwirtschaft und halten [&hellip;]<\/p>\n","protected":false},"author":2,"featured_media":0,"parent":35,"menu_order":0,"comment_status":"closed","ping_status":"closed","template":"","meta":{"footnotes":""},"class_list":["post-258","page","type-page","status-publish","hentry"],"_links":{"self":[{"href":"https:\/\/www.biohof-auen.ch\/index.php\/wp-json\/wp\/v2\/pages\/258","targetHints":{"allow":["GET"]}}],"collection":[{"href":"https:\/\/www.biohof-auen.ch\/index.php\/wp-json\/wp\/v2\/pages"}],"about":[{"href":"https:\/\/www.biohof-auen.ch\/index.php\/wp-json\/wp\/v2\/types\/page"}],"author":[{"embeddable":true,"href":"https:\/\/www.biohof-auen.ch\/index.php\/wp-json\/wp\/v2\/users\/2"}],"replies":[{"embeddable":true,"href":"https:\/\/www.biohof-auen.ch\/index.php\/wp-json\/wp\/v2\/comments?post=258"}],"version-history":[{"count":5,"href":"https:\/\/www.biohof-auen.ch\/index.php\/wp-json\/wp\/v2\/pages\/258\/revisions"}],"predecessor-version":[{"id":405,"href":"https:\/\/www.biohof-auen.ch\/index.php\/wp-json\/wp\/v2\/pages\/258\/revisions\/405"}],"up":[{"embeddable":true,"href":"https:\/\/www.biohof-auen.ch\/index.php\/wp-json\/wp\/v2\/pages\/35"}],"wp:attachment":[{"href":"https:\/\/www.biohof-auen.ch\/index.php\/wp-json\/wp\/v2\/media?parent=258"}],"curies":[{"name":"wp","href":"https:\/\/api.w.org\/{rel}","templated":true}]}}