{"id":249,"date":"2025-05-14T08:14:02","date_gmt":"2025-05-14T08:14:02","guid":{"rendered":"https:\/\/www.biohof-auen.ch\/?page_id=249"},"modified":"2025-06-23T08:45:41","modified_gmt":"2025-06-23T08:45:41","slug":"herzlich-willkommen-auf-dem-biohof-auen","status":"publish","type":"page","link":"https:\/\/www.biohof-auen.ch\/","title":{"rendered":""},"content":{"rendered":"\n<figure class=\"wp-block-image alignfull size-large\"><img loading=\"lazy\" decoding=\"async\" width=\"1024\" height=\"400\" src=\"https:\/\/www.biohof-auen.ch\/wp-content\/uploads\/2025\/06\/TitelbildKlkein-1-1024x400.jpg\" alt=\"\" class=\"wp-image-454\" srcset=\"https:\/\/www.biohof-auen.ch\/wp-content\/uploads\/2025\/06\/TitelbildKlkein-1-1024x400.jpg 1024w, https:\/\/www.biohof-auen.ch\/wp-content\/uploads\/2025\/06\/TitelbildKlkein-1-300x117.jpg 300w, https:\/\/www.biohof-auen.ch\/wp-content\/uploads\/2025\/06\/TitelbildKlkein-1-768x300.jpg 768w, https:\/\/www.biohof-auen.ch\/wp-content\/uploads\/2025\/06\/TitelbildKlkein-1-1536x599.jpg 1536w, https:\/\/www.biohof-auen.ch\/wp-content\/uploads\/2025\/06\/TitelbildKlkein-1-2048x799.jpg 2048w\" sizes=\"auto, (max-width: 1024px) 100vw, 1024px\" \/><\/figure>\n\n\n\n<p>Seit 2015 ist der Hof im Besitz der Familie Pedrocchi und seit 2021 mit dem Bio Knospe Label ausgezeichnet. Wir stehen f\u00fcr eine biologische, vielf\u00e4ltige und regionale Produktion, f\u00fcr die wir jeden Tag arbeiten.<\/p>\n\n\n\n<div class=\"wp-block-query is-layout-flow wp-block-query-is-layout-flow\"><ul class=\"wp-block-post-template is-layout-flow wp-block-post-template-is-layout-flow\"><li class=\"wp-block-post post-466 post type-post status-publish format-standard hentry category-kaschmirfelle category-unsere-produkte category-verkauf\">\n<h3 class=\"wp-block-post-title\"><a href=\"https:\/\/www.biohof-auen.ch\/index.php\/2025\/10\/24\/kaschmirfelle\/\" target=\"_self\" >Kaschmirfelle<\/a><\/h3>\n\n\n\n<div class=\"wp-block-post-excerpt\"><p class=\"wp-block-post-excerpt__excerpt\">Da es uns ein grosses Anliegen ist, das ganze Tier zu verarbeiten, lassen wir die Felle gerben. Es entstehen wundersch\u00f6ne, weiche und [&hellip;] <\/p><\/div>\n\n\n<hr class=\"wp-block-separator has-css-opacity\"\/>\n\n\n<div class=\"wp-block-post-date\"><time datetime=\"2025-10-24T13:01:24+00:00\">Oktober 24, 2025<\/time><\/div>\n<\/li><li class=\"wp-block-post post-352 post type-post status-publish format-standard hentry category-aktuell category-biohof-auen\">\n<h3 class=\"wp-block-post-title\"><a href=\"https:\/\/www.biohof-auen.ch\/index.php\/2025\/05\/15\/neues-leben\/\" target=\"_self\" >Neues Leben&#8230;<\/a><\/h3>\n\n\n\n<div class=\"wp-block-post-excerpt\"><p class=\"wp-block-post-excerpt__excerpt\">Zur Zeit haben wir wieder kleine Zicklein auf unserem Hof. Jedes Jahr d\u00fcrfen wir diesen Prozess begleiten und freuen uns \u00fcber das [&hellip;] <\/p><\/div>\n\n\n<hr class=\"wp-block-separator has-css-opacity\"\/>\n\n\n<div class=\"wp-block-post-date\"><time datetime=\"2025-05-15T08:31:43+00:00\">Mai 15, 2025<\/time><\/div>\n<\/li><li class=\"wp-block-post post-120 post type-post status-publish format-standard hentry category-kaschmirwolle category-unsere-produkte\">\n<h3 class=\"wp-block-post-title\"><a href=\"https:\/\/www.biohof-auen.ch\/index.php\/2025\/05\/14\/kaschmirwolle\/\" target=\"_self\" >Kaschmirwolle<\/a><\/h3>\n\n\n\n<div class=\"wp-block-post-excerpt\"><p class=\"wp-block-post-excerpt__excerpt\">Als&nbsp;Kaschmirwolle bezeichnet man das sehr feine und gl\u00e4nzende, mit schwacher Kr\u00e4uselung versehene Unterhaar der Kaschmirziege. Die Kaschmir-Faser wird zu den Edelhaaren gez\u00e4hlt [&hellip;] <\/p><\/div>\n\n\n<hr class=\"wp-block-separator has-css-opacity\"\/>\n\n\n<div class=\"wp-block-post-date\"><time datetime=\"2025-05-14T09:26:12+00:00\">Mai 14, 2025<\/time><\/div>\n<\/li><\/ul><\/div>\n","protected":false},"excerpt":{"rendered":"<p>Seit 2015 ist der Hof im Besitz der Familie Pedrocchi und seit 2021 mit dem Bio Knospe Label ausgezeichnet. Wir stehen f\u00fcr [&hellip;]<\/p>\n","protected":false},"author":2,"featured_media":0,"parent":0,"menu_order":0,"comment_status":"closed","ping_status":"closed","template":"","meta":{"footnotes":""},"class_list":["post-249","page","type-page","status-publish","hentry"],"_links":{"self":[{"href":"https:\/\/www.biohof-auen.ch\/index.php\/wp-json\/wp\/v2\/pages\/249","targetHints":{"allow":["GET"]}}],"collection":[{"href":"https:\/\/www.biohof-auen.ch\/index.php\/wp-json\/wp\/v2\/pages"}],"about":[{"href":"https:\/\/www.biohof-auen.ch\/index.php\/wp-json\/wp\/v2\/types\/page"}],"author":[{"embeddable":true,"href":"https:\/\/www.biohof-auen.ch\/index.php\/wp-json\/wp\/v2\/users\/2"}],"replies":[{"embeddable":true,"href":"https:\/\/www.biohof-auen.ch\/index.php\/wp-json\/wp\/v2\/comments?post=249"}],"version-history":[{"count":13,"href":"https:\/\/www.biohof-auen.ch\/index.php\/wp-json\/wp\/v2\/pages\/249\/revisions"}],"predecessor-version":[{"id":457,"href":"https:\/\/www.biohof-auen.ch\/index.php\/wp-json\/wp\/v2\/pages\/249\/revisions\/457"}],"wp:attachment":[{"href":"https:\/\/www.biohof-auen.ch\/index.php\/wp-json\/wp\/v2\/media?parent=249"}],"curies":[{"name":"wp","href":"https:\/\/api.w.org\/{rel}","templated":true}]}}